{"id":364,"date":"2019-09-20T11:02:02","date_gmt":"2019-09-20T14:02:02","guid":{"rendered":"https:\/\/revistamaranhaoturismo.com\/?page_id=364"},"modified":"2019-09-20T19:02:12","modified_gmt":"2019-09-20T22:02:12","slug":"revista-maranhao-turismo-julho-agosto-2019","status":"publish","type":"page","link":"https:\/\/revistamaranhaoturismo.com\/?page_id=364","title":{"rendered":"Revista Maranh\u00e3o Turismo : julho\/agosto 2019"},"content":{"rendered":"<a href=\"https:\/\/revistamaranhaoturismo.com\/wp-content\/uploads\/2019\/09\/REVISTA-COMPLETA_split_1.pdf\" class=\"pdfemb-viewer\" style=\"\" data-width=\"max\" data-height=\"max\"  data-toolbar=\"bottom\" data-toolbar-fixed=\"off\">P\u00e1gina 1<br\/><\/a>\n<a href=\"https:\/\/revistamaranhaoturismo.com\/wp-content\/uploads\/2019\/09\/REVISTA-COMPLETA_split_2.pdf\" class=\"pdfemb-viewer\" style=\"\" data-width=\"max\" data-height=\"max\"  data-toolbar=\"bottom\" data-toolbar-fixed=\"off\">P\u00e1gina 2<br\/><\/a>\n<a href=\"https:\/\/revistamaranhaoturismo.com\/wp-content\/uploads\/2019\/09\/REVISTA-COMPLETA_split_3.pdf\" class=\"pdfemb-viewer\" style=\"\" data-width=\"max\" data-height=\"max\"  data-toolbar=\"bottom\" data-toolbar-fixed=\"off\">P\u00e1gina 3<br\/><\/a>\n<a href=\"https:\/\/revistamaranhaoturismo.com\/wp-content\/uploads\/2019\/09\/REVISTA-COMPLETA_split_4.pdf\" class=\"pdfemb-viewer\" style=\"\" data-width=\"max\" data-height=\"max\"  data-toolbar=\"bottom\" data-toolbar-fixed=\"off\">P\u00e1gina 4<br\/><\/a>\n<a href=\"https:\/\/revistamaranhaoturismo.com\/wp-content\/uploads\/2019\/09\/REVISTA-COMPLETA_split_5.pdf\" class=\"pdfemb-viewer\" style=\"\" data-width=\"max\" data-height=\"max\"  data-toolbar=\"bottom\" data-toolbar-fixed=\"off\">P\u00e1gina 5<br\/><\/a>\n<a href=\"https:\/\/revistamaranhaoturismo.com\/wp-content\/uploads\/2019\/09\/REVISTA-COMPLETA_split_6.pdf\" class=\"pdfemb-viewer\" style=\"\" data-width=\"max\" data-height=\"max\"  data-toolbar=\"bottom\" data-toolbar-fixed=\"off\">P\u00e1gina 6<br\/><\/a>\n<a href=\"https:\/\/revistamaranhaoturismo.com\/wp-content\/uploads\/2019\/09\/REVISTA-COMPLETA_split_7.pdf\" class=\"pdfemb-viewer\" style=\"\" data-width=\"max\" data-height=\"max\"  data-toolbar=\"bottom\" data-toolbar-fixed=\"off\">P\u00e1gina 7<br\/><\/a>\n<a href=\"https:\/\/revistamaranhaoturismo.com\/wp-content\/uploads\/2019\/09\/REVISTA-COMPLETA_split_8.pdf\" class=\"pdfemb-viewer\" style=\"\" data-width=\"max\" data-height=\"max\"  data-toolbar=\"bottom\" data-toolbar-fixed=\"off\">P\u00e1gina 8<br\/><\/a>\n<a href=\"https:\/\/revistamaranhaoturismo.com\/wp-content\/uploads\/2019\/09\/REVISTA-COMPLETA_split_9.pdf\" class=\"pdfemb-viewer\" style=\"\" data-width=\"max\" data-height=\"max\"  data-toolbar=\"bottom\" data-toolbar-fixed=\"off\">P\u00e1gina 9<br\/><\/a>\n<a href=\"https:\/\/revistamaranhaoturismo.com\/wp-content\/uploads\/2019\/09\/REVISTA-COMPLETA_split_10.pdf\" class=\"pdfemb-viewer\" style=\"\" data-width=\"max\" data-height=\"max\"  data-toolbar=\"bottom\" data-toolbar-fixed=\"off\">P\u00e1gina 10<br\/><\/a>\n<a href=\"https:\/\/revistamaranhaoturismo.com\/wp-content\/uploads\/2019\/09\/REVISTA-COMPLETA_split_11.pdf\" class=\"pdfemb-viewer\" style=\"\" data-width=\"max\" data-height=\"max\"  data-toolbar=\"bottom\" data-toolbar-fixed=\"off\">P\u00e1gina 11<br\/><\/a>\n<a href=\"https:\/\/revistamaranhaoturismo.com\/wp-content\/uploads\/2019\/09\/REVISTA-COMPLETA_split_12.pdf\" class=\"pdfemb-viewer\" style=\"\" data-width=\"max\" data-height=\"max\"  data-toolbar=\"bottom\" data-toolbar-fixed=\"off\">P\u00e1gina 12<br\/><\/a>\n<a href=\"https:\/\/revistamaranhaoturismo.com\/wp-content\/uploads\/2019\/09\/REVISTA-COMPLETA_split_13.pdf\" class=\"pdfemb-viewer\" style=\"\" data-width=\"max\" data-height=\"max\"  data-toolbar=\"bottom\" data-toolbar-fixed=\"off\">P\u00e1gina 13<br\/><\/a>\n<a href=\"https:\/\/revistamaranhaoturismo.com\/wp-content\/uploads\/2019\/09\/REVISTA-COMPLETA_split_14.pdf\" class=\"pdfemb-viewer\" style=\"\" data-width=\"max\" data-height=\"max\"  data-toolbar=\"bottom\" data-toolbar-fixed=\"off\">P\u00e1gina 14<br\/><\/a>\n<a href=\"https:\/\/revistamaranhaoturismo.com\/wp-content\/uploads\/2019\/09\/REVISTA-COMPLETA_split_15.pdf\" class=\"pdfemb-viewer\" style=\"\" data-width=\"max\" data-height=\"max\"  data-toolbar=\"bottom\" data-toolbar-fixed=\"off\">P\u00e1gina 15<br\/><\/a>\n<a href=\"https:\/\/revistamaranhaoturismo.com\/wp-content\/uploads\/2019\/09\/REVISTA-COMPLETA_split_16.pdf\" class=\"pdfemb-viewer\" style=\"\" data-width=\"max\" data-height=\"max\"  data-toolbar=\"bottom\" data-toolbar-fixed=\"off\">P\u00e1gina 16<br\/><\/a>\n<a href=\"https:\/\/revistamaranhaoturismo.com\/wp-content\/uploads\/2019\/09\/REVISTA-COMPLETA_split_17.pdf\" class=\"pdfemb-viewer\" style=\"\" data-width=\"max\" data-height=\"max\"  data-toolbar=\"bottom\" data-toolbar-fixed=\"off\">P\u00e1gina 17<br\/><\/a>\n<a href=\"https:\/\/revistamaranhaoturismo.com\/wp-content\/uploads\/2019\/09\/REVISTA-COMPLETA_split_18.pdf\" class=\"pdfemb-viewer\" style=\"\" data-width=\"max\" data-height=\"max\"  data-toolbar=\"bottom\" data-toolbar-fixed=\"off\">P\u00e1gina 18<br\/><\/a>\n<a href=\"https:\/\/revistamaranhaoturismo.com\/wp-content\/uploads\/2019\/09\/REVISTA-COMPLETA_split_19.pdf\" class=\"pdfemb-viewer\" style=\"\" data-width=\"max\" data-height=\"max\"  data-toolbar=\"bottom\" data-toolbar-fixed=\"off\">P\u00e1gina 19<br\/><\/a>\n<a href=\"https:\/\/revistamaranhaoturismo.com\/wp-content\/uploads\/2019\/09\/REVISTA-COMPLETA_split_20.pdf\" class=\"pdfemb-viewer\" style=\"\" data-width=\"max\" data-height=\"max\"  data-toolbar=\"bottom\" data-toolbar-fixed=\"off\">P\u00e1gina 20<br\/><\/a>\n<a href=\"https:\/\/revistamaranhaoturismo.com\/wp-content\/uploads\/2019\/09\/REVISTA-COMPLETA_split_21.pdf\" class=\"pdfemb-viewer\" style=\"\" data-width=\"max\" data-height=\"max\"  data-toolbar=\"bottom\" data-toolbar-fixed=\"off\">P\u00e1gina 21<br\/><\/a>\n<a href=\"https:\/\/revistamaranhaoturismo.com\/wp-content\/uploads\/2019\/09\/REVISTA-COMPLETA_split_22.pdf\" class=\"pdfemb-viewer\" style=\"\" data-width=\"max\" data-height=\"max\"  data-toolbar=\"bottom\" data-toolbar-fixed=\"off\">P\u00e1gina 22<br\/><\/a>\n<a href=\"https:\/\/revistamaranhaoturismo.com\/wp-content\/uploads\/2019\/09\/REVISTA-COMPLETA_split_23.pdf\" class=\"pdfemb-viewer\" style=\"\" data-width=\"max\" data-height=\"max\"  data-toolbar=\"bottom\" data-toolbar-fixed=\"off\">P\u00e1gina 23<br\/><\/a>\n<a href=\"https:\/\/revistamaranhaoturismo.com\/wp-content\/uploads\/2019\/09\/REVISTA-COMPLETA_split_24.pdf\" class=\"pdfemb-viewer\" style=\"\" data-width=\"max\" data-height=\"max\"  data-toolbar=\"bottom\" data-toolbar-fixed=\"off\">P\u00e1gina 24<br\/><\/a>\n<a href=\"https:\/\/revistamaranhaoturismo.com\/wp-content\/uploads\/2019\/09\/REVISTA-COMPLETA_split_25.pdf\" class=\"pdfemb-viewer\" style=\"\" data-width=\"max\" data-height=\"max\"  data-toolbar=\"bottom\" data-toolbar-fixed=\"off\">REVISTA COMPLETA_split_25<br\/><\/a>\n","protected":false},"excerpt":{"rendered":"P\u00e1gina 1 P\u00e1gina 2 P\u00e1gina 3 P\u00e1gina 4 P\u00e1gina 5 P\u00e1gina 6 P\u00e1gina 7 P\u00e1gina 8 P\u00e1gina 9 P\u00e1gina 10 P\u00e1gina 11 P\u00e1gina 12 P\u00e1gina 13 P\u00e1gina 14 P\u00e1gina 15 P\u00e1gina 16 P\u00e1gina 17 P\u00e1gina 18 P\u00e1gina 19 P\u00e1gina 20 P\u00e1gina 21 P\u00e1gina 22 P\u00e1gina 23 P\u00e1gina 24 REVISTA COMPLETA_split_25","protected":false},"author":1,"featured_media":0,"parent":0,"menu_order":0,"comment_status":"closed","ping_status":"closed","template":"","meta":[],"_links":{"self":[{"href":"https:\/\/revistamaranhaoturismo.com\/index.php?rest_route=\/wp\/v2\/pages\/364"}],"collection":[{"href":"https:\/\/revistamaranhaoturismo.com\/index.php?rest_route=\/wp\/v2\/pages"}],"about":[{"href":"https:\/\/revistamaranhaoturismo.com\/index.php?rest_route=\/wp\/v2\/types\/page"}],"author":[{"embeddable":true,"href":"https:\/\/revistamaranhaoturismo.com\/index.php?rest_route=\/wp\/v2\/users\/1"}],"replies":[{"embeddable":true,"href":"https:\/\/revistamaranhaoturismo.com\/index.php?rest_route=%2Fwp%2Fv2%2Fcomments&post=364"}],"version-history":[{"count":8,"href":"https:\/\/revistamaranhaoturismo.com\/index.php?rest_route=\/wp\/v2\/pages\/364\/revisions"}],"predecessor-version":[{"id":407,"href":"https:\/\/revistamaranhaoturismo.com\/index.php?rest_route=\/wp\/v2\/pages\/364\/revisions\/407"}],"wp:attachment":[{"href":"https:\/\/revistamaranhaoturismo.com\/index.php?rest_route=%2Fwp%2Fv2%2Fmedia&parent=364"}],"curies":[{"name":"wp","href":"https:\/\/api.w.org\/{rel}","templated":true}]}}